{"id":1856,"date":"2021-07-05T08:20:22","date_gmt":"2021-07-05T13:20:22","guid":{"rendered":"https:\/\/centrocic.com\/?page_id=1856"},"modified":"2026-02-12T09:42:54","modified_gmt":"2026-02-12T14:42:54","slug":"nuestra-experiencia","status":"publish","type":"page","link":"https:\/\/centrocic.com\/en\/nuestra-experiencia\/","title":{"rendered":"Our experience"},"content":{"rendered":"<div data-elementor-type=\"wp-page\" data-elementor-id=\"1856\" class=\"elementor elementor-1856\" data-elementor-post-type=\"page\">\n\t\t\t\t\t\t<section class=\"elementor-section elementor-top-section elementor-element elementor-element-92ceb0b elementor-section-boxed elementor-section-height-default elementor-section-height-default\" data-id=\"92ceb0b\" data-element_type=\"section\" data-e-type=\"section\">\n\t\t\t\t\t\t<div class=\"elementor-container elementor-column-gap-default\">\n\t\t\t\t\t<div class=\"elementor-column elementor-col-100 elementor-top-column elementor-element elementor-element-69bca5b\" data-id=\"69bca5b\" data-element_type=\"column\" data-e-type=\"column\">\n\t\t\t<div class=\"elementor-widget-wrap elementor-element-populated\">\n\t\t\t\t\t\t<div class=\"elementor-element elementor-element-983c3c5 elementor-widget elementor-widget-spacer\" data-id=\"983c3c5\" data-element_type=\"widget\" data-e-type=\"widget\" data-widget_type=\"spacer.default\">\n\t\t\t\t<div class=\"elementor-widget-container\">\n\t\t\t\t\t\t\t<div class=\"elementor-spacer\">\n\t\t\t<div class=\"elementor-spacer-inner\"><\/div>\n\t\t<\/div>\n\t\t\t\t\t\t<\/div>\n\t\t\t\t<\/div>\n\t\t\t\t<div class=\"elementor-element elementor-element-df8f984 elementor-widget elementor-widget-heading\" data-id=\"df8f984\" data-element_type=\"widget\" data-e-type=\"widget\" data-widget_type=\"heading.default\">\n\t\t\t\t<div class=\"elementor-widget-container\">\n\t\t\t\t\t<h2 class=\"elementor-heading-title elementor-size-default\">M\u00e1s de 20 a\u00f1os en el desarrollo de estudios cl\u00ednicos<\/h2>\t\t\t\t<\/div>\n\t\t\t\t<\/div>\n\t\t\t\t<div class=\"elementor-element elementor-element-05d2108 elementor-widget elementor-widget-text-editor\" data-id=\"05d2108\" data-element_type=\"widget\" data-e-type=\"widget\" data-widget_type=\"text-editor.default\">\n\t\t\t\t<div class=\"elementor-widget-container\">\n\t\t\t\t\t\t\t\t\t<p>M\u00e1s de 20 a\u00f1os en el desarrollo de estudios cl\u00ednicos con altos est\u00e1ndares de calidad y el mejor equipo humano de salud. Nuestra trayectoria nos ha llevado a trabajar con importantes laboratorios internacionales en m\u00faltiples \u00e1reas de la medicina.<\/p><p>In Centro de Investigaci\u00f3n Cl\u00ednica CIC we have the capacity of doing clinical studies of phase II, phase III and phase IV.<\/p><p>Experience in clinical studies<\/p><ul><li>High capacities in inscription, randomization, and retention<\/li><li>Population of different ages and health conditions<\/li><li>Development in vaccine studies and other pathologies<\/li><li>Research projects management<\/li><li>Gathering of samples on site and on patient\u2019s residence<\/li><li>Execution of blind and non-blind studies<\/li><\/ul>\t\t\t\t\t\t\t\t<\/div>\n\t\t\t\t<\/div>\n\t\t\t\t<div class=\"elementor-element elementor-element-ef33cc9 elementor-widget elementor-widget-heading\" data-id=\"ef33cc9\" data-element_type=\"widget\" data-e-type=\"widget\" data-widget_type=\"heading.default\">\n\t\t\t\t<div class=\"elementor-widget-container\">\n\t\t\t\t\t<h2 class=\"elementor-heading-title elementor-size-default\">Trayectoria<\/h2>\t\t\t\t<\/div>\n\t\t\t\t<\/div>\n\t\t\t\t<section class=\"elementor-section elementor-inner-section elementor-element elementor-element-40e15c2 elementor-section-boxed elementor-section-height-default elementor-section-height-default\" data-id=\"40e15c2\" data-element_type=\"section\" data-e-type=\"section\">\n\t\t\t\t\t\t<div class=\"elementor-container elementor-column-gap-default\">\n\t\t\t\t\t<div class=\"elementor-column elementor-col-50 elementor-inner-column elementor-element elementor-element-b8c394b\" data-id=\"b8c394b\" data-element_type=\"column\" data-e-type=\"column\">\n\t\t\t<div class=\"elementor-widget-wrap elementor-element-populated\">\n\t\t\t\t\t\t<div class=\"elementor-element elementor-element-d3d482d elementor-widget elementor-widget-image\" data-id=\"d3d482d\" data-element_type=\"widget\" data-e-type=\"widget\" data-widget_type=\"image.default\">\n\t\t\t\t<div class=\"elementor-widget-container\">\n\t\t\t\t\t\t\t\t\t\t\t\t\t\t\t<img fetchpriority=\"high\" decoding=\"async\" width=\"800\" height=\"424\" src=\"https:\/\/centrocic.com\/wp-content\/uploads\/2023\/10\/Distribucion-porcentual-por-areas-1024x543.png\" class=\"attachment-large size-large wp-image-3778\" alt=\"\" srcset=\"https:\/\/centrocic.com\/wp-content\/uploads\/2023\/10\/Distribucion-porcentual-por-areas-1024x543.png 1024w, https:\/\/centrocic.com\/wp-content\/uploads\/2023\/10\/Distribucion-porcentual-por-areas-300x159.png 300w, https:\/\/centrocic.com\/wp-content\/uploads\/2023\/10\/Distribucion-porcentual-por-areas-768x407.png 768w, https:\/\/centrocic.com\/wp-content\/uploads\/2023\/10\/Distribucion-porcentual-por-areas-1536x814.png 1536w, https:\/\/centrocic.com\/wp-content\/uploads\/2023\/10\/Distribucion-porcentual-por-areas-16x8.png 16w, https:\/\/centrocic.com\/wp-content\/uploads\/2023\/10\/Distribucion-porcentual-por-areas.png 1554w\" sizes=\"(max-width: 800px) 100vw, 800px\" \/>\t\t\t\t\t\t\t\t\t\t\t\t\t\t\t<\/div>\n\t\t\t\t<\/div>\n\t\t\t\t<div class=\"elementor-element elementor-element-996a744 elementor-widget elementor-widget-heading\" data-id=\"996a744\" data-element_type=\"widget\" data-e-type=\"widget\" data-widget_type=\"heading.default\">\n\t\t\t\t<div class=\"elementor-widget-container\">\n\t\t\t\t\t<h5 class=\"elementor-heading-title elementor-size-default\">Distribuci\u00f3n porcentual por \u00e1reas<\/h5>\t\t\t\t<\/div>\n\t\t\t\t<\/div>\n\t\t\t\t\t<\/div>\n\t\t<\/div>\n\t\t\t\t<div class=\"elementor-column elementor-col-50 elementor-inner-column elementor-element elementor-element-e1ccc03\" data-id=\"e1ccc03\" data-element_type=\"column\" data-e-type=\"column\">\n\t\t\t<div class=\"elementor-widget-wrap elementor-element-populated\">\n\t\t\t\t\t\t<div class=\"elementor-element elementor-element-4c96778 elementor-widget elementor-widget-image\" data-id=\"4c96778\" data-element_type=\"widget\" data-e-type=\"widget\" data-widget_type=\"image.default\">\n\t\t\t\t<div class=\"elementor-widget-container\">\n\t\t\t\t\t\t\t\t\t\t\t\t\t\t\t<img decoding=\"async\" width=\"800\" height=\"618\" src=\"https:\/\/centrocic.com\/wp-content\/uploads\/2023\/10\/Distribucion-porcentual-por-fases.png\" class=\"attachment-large size-large wp-image-3779\" alt=\"\" srcset=\"https:\/\/centrocic.com\/wp-content\/uploads\/2023\/10\/Distribucion-porcentual-por-fases.png 1025w, https:\/\/centrocic.com\/wp-content\/uploads\/2023\/10\/Distribucion-porcentual-por-fases-300x232.png 300w, https:\/\/centrocic.com\/wp-content\/uploads\/2023\/10\/Distribucion-porcentual-por-fases-768x593.png 768w, https:\/\/centrocic.com\/wp-content\/uploads\/2023\/10\/Distribucion-porcentual-por-fases-16x12.png 16w\" sizes=\"(max-width: 800px) 100vw, 800px\" \/>\t\t\t\t\t\t\t\t\t\t\t\t\t\t\t<\/div>\n\t\t\t\t<\/div>\n\t\t\t\t<div class=\"elementor-element elementor-element-6031626 elementor-widget elementor-widget-heading\" data-id=\"6031626\" data-element_type=\"widget\" data-e-type=\"widget\" data-widget_type=\"heading.default\">\n\t\t\t\t<div class=\"elementor-widget-container\">\n\t\t\t\t\t<h5 class=\"elementor-heading-title elementor-size-default\">Distribuci\u00f3n porcentual por fases<\/h5>\t\t\t\t<\/div>\n\t\t\t\t<\/div>\n\t\t\t\t\t<\/div>\n\t\t<\/div>\n\t\t\t\t\t<\/div>\n\t\t<\/section>\n\t\t\t\t<div class=\"elementor-element elementor-element-e785d25 elementor-widget elementor-widget-heading\" data-id=\"e785d25\" data-element_type=\"widget\" data-e-type=\"widget\" data-widget_type=\"heading.default\">\n\t\t\t\t<div class=\"elementor-widget-container\">\n\t\t\t\t\t<h2 class=\"elementor-heading-title elementor-size-default\">Reconocimientos<\/h2>\t\t\t\t<\/div>\n\t\t\t\t<\/div>\n\t\t\t\t<div class=\"elementor-element elementor-element-f96113d elementor-widget elementor-widget-text-editor\" data-id=\"f96113d\" data-element_type=\"widget\" data-e-type=\"widget\" data-widget_type=\"text-editor.default\">\n\t\t\t\t<div class=\"elementor-widget-container\">\n\t\t\t\t\t\t\t\t\t<ul><li><strong>2021\u00a0\u2013<\/strong> Recertificaci\u00f3n en BPC por\u00a0INVIMA\u00a0<\/li><li><strong>2016 y 2021\u00a0\u2013<\/strong> Visita de inspecci\u00f3n por la\u00a0FDA<\/li><li><strong>MSD:<\/strong>\u00a0\u00a0Reconocimiento al CIC por excelente desempe\u00f1o y gesti\u00f3n de calidad en la ejecuci\u00f3n de estudios cl\u00ednicos. Abril 2017.<\/li><li><strong>MSD:\u00a0<\/strong> Reconocimiento al CIC por contribuci\u00f3n al desarrollo de la investigaci\u00f3n cl\u00ednica, durante la conmemoraci\u00f3n de los 75 a\u00f1os.<\/li><li><strong>AMGEN:<\/strong>\u00a0Reconocimiento por ser el mejor centro de\u00a0investigaci\u00f3n durante el a\u00f1o 2016, Abril 2017.<\/li><li><strong>PFIZER:\u00a0<\/strong>Sitio INSPIRE- Centro de excelencia, a\u00f1o 2015.<\/li><li><strong>PAREXEL:\u00a0<\/strong>Centro de Excelencia.<\/li><li><strong>Premio BID a la Calidad,\u00a0a\u00f1o 2018.\u00a0<\/strong>AMGEN:\u00a0Reconocimiento por ser el mejor centro de investigaci\u00f3n durante el a\u00f1o 2016, Abril 2017.<\/li><\/ul>\t\t\t\t\t\t\t\t<\/div>\n\t\t\t\t<\/div>\n\t\t\t\t<section class=\"elementor-section elementor-inner-section elementor-element elementor-element-d37430e elementor-section-boxed elementor-section-height-default elementor-section-height-default\" data-id=\"d37430e\" data-element_type=\"section\" data-e-type=\"section\">\n\t\t\t\t\t\t<div class=\"elementor-container elementor-column-gap-default\">\n\t\t\t\t\t<div class=\"elementor-column elementor-col-20 elementor-inner-column elementor-element elementor-element-5a8c6ba\" data-id=\"5a8c6ba\" data-element_type=\"column\" data-e-type=\"column\">\n\t\t\t<div class=\"elementor-widget-wrap elementor-element-populated\">\n\t\t\t\t\t\t<div class=\"elementor-element elementor-element-efeebf4 elementor-position-top elementor-widget elementor-widget-image-box\" data-id=\"efeebf4\" data-element_type=\"widget\" data-e-type=\"widget\" data-widget_type=\"image-box.default\">\n\t\t\t\t<div class=\"elementor-widget-container\">\n\t\t\t\t\t<div class=\"elementor-image-box-wrapper\"><figure class=\"elementor-image-box-img\"><img decoding=\"async\" width=\"100\" height=\"130\" src=\"https:\/\/centrocic.com\/wp-content\/uploads\/2023\/10\/medalla.png\" class=\"attachment-full size-full wp-image-3803\" alt=\"\" srcset=\"https:\/\/centrocic.com\/wp-content\/uploads\/2023\/10\/medalla.png 100w, https:\/\/centrocic.com\/wp-content\/uploads\/2023\/10\/medalla-9x12.png 9w\" sizes=\"(max-width: 100px) 100vw, 100px\" \/><\/figure><div class=\"elementor-image-box-content\"><h3 class=\"elementor-image-box-title\">Mejor centro de Investigaci\u00f3n<\/h3><\/div><\/div>\t\t\t\t<\/div>\n\t\t\t\t<\/div>\n\t\t\t\t\t<\/div>\n\t\t<\/div>\n\t\t\t\t<div class=\"elementor-column elementor-col-20 elementor-inner-column elementor-element elementor-element-1602533\" data-id=\"1602533\" data-element_type=\"column\" data-e-type=\"column\">\n\t\t\t<div class=\"elementor-widget-wrap elementor-element-populated\">\n\t\t\t\t\t\t<div class=\"elementor-element elementor-element-c8a398d elementor-position-top elementor-widget elementor-widget-image-box\" data-id=\"c8a398d\" data-element_type=\"widget\" data-e-type=\"widget\" data-widget_type=\"image-box.default\">\n\t\t\t\t<div class=\"elementor-widget-container\">\n\t\t\t\t\t<div class=\"elementor-image-box-wrapper\"><figure class=\"elementor-image-box-img\"><img decoding=\"async\" width=\"100\" height=\"130\" src=\"https:\/\/centrocic.com\/wp-content\/uploads\/2023\/10\/medalla.png\" class=\"attachment-full size-full wp-image-3803\" alt=\"\" srcset=\"https:\/\/centrocic.com\/wp-content\/uploads\/2023\/10\/medalla.png 100w, https:\/\/centrocic.com\/wp-content\/uploads\/2023\/10\/medalla-9x12.png 9w\" sizes=\"(max-width: 100px) 100vw, 100px\" \/><\/figure><div class=\"elementor-image-box-content\"><h3 class=\"elementor-image-box-title\">Premio a la calidad<\/h3><\/div><\/div>\t\t\t\t<\/div>\n\t\t\t\t<\/div>\n\t\t\t\t\t<\/div>\n\t\t<\/div>\n\t\t\t\t<div class=\"elementor-column elementor-col-20 elementor-inner-column elementor-element elementor-element-fa8528b\" data-id=\"fa8528b\" data-element_type=\"column\" data-e-type=\"column\">\n\t\t\t<div class=\"elementor-widget-wrap elementor-element-populated\">\n\t\t\t\t\t\t<div class=\"elementor-element elementor-element-4d3a94e elementor-position-top elementor-widget elementor-widget-image-box\" data-id=\"4d3a94e\" data-element_type=\"widget\" data-e-type=\"widget\" data-widget_type=\"image-box.default\">\n\t\t\t\t<div class=\"elementor-widget-container\">\n\t\t\t\t\t<div class=\"elementor-image-box-wrapper\"><figure class=\"elementor-image-box-img\"><img decoding=\"async\" width=\"100\" height=\"130\" src=\"https:\/\/centrocic.com\/wp-content\/uploads\/2023\/10\/medalla.png\" class=\"attachment-full size-full wp-image-3803\" alt=\"\" srcset=\"https:\/\/centrocic.com\/wp-content\/uploads\/2023\/10\/medalla.png 100w, https:\/\/centrocic.com\/wp-content\/uploads\/2023\/10\/medalla-9x12.png 9w\" sizes=\"(max-width: 100px) 100vw, 100px\" \/><\/figure><div class=\"elementor-image-box-content\"><h3 class=\"elementor-image-box-title\">Sitio Inspire<\/h3><\/div><\/div>\t\t\t\t<\/div>\n\t\t\t\t<\/div>\n\t\t\t\t\t<\/div>\n\t\t<\/div>\n\t\t\t\t<div class=\"elementor-column elementor-col-20 elementor-inner-column elementor-element elementor-element-0f804f5\" data-id=\"0f804f5\" data-element_type=\"column\" data-e-type=\"column\">\n\t\t\t<div class=\"elementor-widget-wrap elementor-element-populated\">\n\t\t\t\t\t\t<div class=\"elementor-element elementor-element-6177386 elementor-position-top elementor-widget elementor-widget-image-box\" data-id=\"6177386\" data-element_type=\"widget\" data-e-type=\"widget\" data-widget_type=\"image-box.default\">\n\t\t\t\t<div class=\"elementor-widget-container\">\n\t\t\t\t\t<div class=\"elementor-image-box-wrapper\"><figure class=\"elementor-image-box-img\"><img decoding=\"async\" width=\"100\" height=\"130\" src=\"https:\/\/centrocic.com\/wp-content\/uploads\/2023\/10\/medalla.png\" class=\"attachment-full size-full wp-image-3803\" alt=\"\" srcset=\"https:\/\/centrocic.com\/wp-content\/uploads\/2023\/10\/medalla.png 100w, https:\/\/centrocic.com\/wp-content\/uploads\/2023\/10\/medalla-9x12.png 9w\" sizes=\"(max-width: 100px) 100vw, 100px\" \/><\/figure><div class=\"elementor-image-box-content\"><h3 class=\"elementor-image-box-title\">Centro de Excelencia<\/h3><\/div><\/div>\t\t\t\t<\/div>\n\t\t\t\t<\/div>\n\t\t\t\t\t<\/div>\n\t\t<\/div>\n\t\t\t\t<div class=\"elementor-column elementor-col-20 elementor-inner-column elementor-element elementor-element-f6d3892\" data-id=\"f6d3892\" data-element_type=\"column\" data-e-type=\"column\">\n\t\t\t<div class=\"elementor-widget-wrap elementor-element-populated\">\n\t\t\t\t\t\t<div class=\"elementor-element elementor-element-72bd770 elementor-position-top elementor-widget elementor-widget-image-box\" data-id=\"72bd770\" data-element_type=\"widget\" data-e-type=\"widget\" data-widget_type=\"image-box.default\">\n\t\t\t\t<div class=\"elementor-widget-container\">\n\t\t\t\t\t<div class=\"elementor-image-box-wrapper\"><figure class=\"elementor-image-box-img\"><img decoding=\"async\" width=\"100\" height=\"130\" src=\"https:\/\/centrocic.com\/wp-content\/uploads\/2023\/10\/medalla.png\" class=\"attachment-full size-full wp-image-3803\" alt=\"\" srcset=\"https:\/\/centrocic.com\/wp-content\/uploads\/2023\/10\/medalla.png 100w, https:\/\/centrocic.com\/wp-content\/uploads\/2023\/10\/medalla-9x12.png 9w\" sizes=\"(max-width: 100px) 100vw, 100px\" \/><\/figure><div class=\"elementor-image-box-content\"><h3 class=\"elementor-image-box-title\">Reconocimiento por resultados<\/h3><\/div><\/div>\t\t\t\t<\/div>\n\t\t\t\t<\/div>\n\t\t\t\t\t<\/div>\n\t\t<\/div>\n\t\t\t\t\t<\/div>\n\t\t<\/section>\n\t\t\t\t<div class=\"elementor-element elementor-element-9f3ebda elementor-widget elementor-widget-heading\" data-id=\"9f3ebda\" data-element_type=\"widget\" data-e-type=\"widget\" data-widget_type=\"heading.default\">\n\t\t\t\t<div class=\"elementor-widget-container\">\n\t\t\t\t\t<h2 class=\"elementor-heading-title elementor-size-default\">Our capacities<\/h2>\t\t\t\t<\/div>\n\t\t\t\t<\/div>\n\t\t\t\t<div class=\"elementor-element elementor-element-ca31b90 elementor-widget elementor-widget-text-editor\" data-id=\"ca31b90\" data-element_type=\"widget\" data-e-type=\"widget\" data-widget_type=\"text-editor.default\">\n\t\t\t\t<div class=\"elementor-widget-container\">\n\t\t\t\t\t\t\t\t\t<p>We have the human and health team needed to do the clinical studies with the best quality, always assuring the patients\u2019 wellbeing and safety.<\/p><p><strong>Medicines administration<\/strong><\/p><ul><li>Institution personnel responsible of monitoring the medicines administration<\/li><\/ul><p>\u00a0<\/p><p><strong>Equipment<\/strong><\/p><ul><li>We have the required equipment for the efficient studies execution, with effective and permanent maintenance and monitoring.<\/li><\/ul>\t\t\t\t\t\t\t\t<\/div>\n\t\t\t\t<\/div>\n\t\t\t\t<div class=\"elementor-element elementor-element-d79a4c6 elementor-widget elementor-widget-heading\" data-id=\"d79a4c6\" data-element_type=\"widget\" data-e-type=\"widget\" data-widget_type=\"heading.default\">\n\t\t\t\t<div class=\"elementor-widget-container\">\n\t\t\t\t\t<h3 class=\"elementor-heading-title elementor-size-default\">We have the best team to carry on with your clinical research.<\/h3>\t\t\t\t<\/div>\n\t\t\t\t<\/div>\n\t\t\t\t<div class=\"elementor-element elementor-element-c30e561 elementor-widget elementor-widget-text-editor\" data-id=\"c30e561\" data-element_type=\"widget\" data-e-type=\"widget\" data-widget_type=\"text-editor.default\">\n\t\t\t\t<div class=\"elementor-widget-container\">\n\t\t\t\t\t\t\t\t\t<p>We have the services of pharmacy, laboratory, medicines administration, ethical committee, specialist doctors support and a big list of external providers with a great trajectory and recognition.<\/p><p>Contact us for more information<\/p>\t\t\t\t\t\t\t\t<\/div>\n\t\t\t\t<\/div>\n\t\t\t\t<div class=\"elementor-element elementor-element-ae8a502 elementor-align-right elementor-widget elementor-widget-button\" data-id=\"ae8a502\" data-element_type=\"widget\" data-e-type=\"widget\" data-widget_type=\"button.default\">\n\t\t\t\t<div class=\"elementor-widget-container\">\n\t\t\t\t\t\t\t\t\t<div class=\"elementor-button-wrapper\">\n\t\t\t\t\t<a class=\"elementor-button elementor-button-link elementor-size-lg\" href=\"https:\/\/centrocic.com\/en\/sedes\/\">\n\t\t\t\t\t\t<span class=\"elementor-button-content-wrapper\">\n\t\t\t\t\t\t<span class=\"elementor-button-icon\">\n\t\t\t\t<i aria-hidden=\"true\" class=\"fas fa-arrow-alt-circle-right\"><\/i>\t\t\t<\/span>\n\t\t\t\t\t\t\t\t\t<span class=\"elementor-button-text\">Contact us<\/span>\n\t\t\t\t\t<\/span>\n\t\t\t\t\t<\/a>\n\t\t\t\t<\/div>\n\t\t\t\t\t\t\t\t<\/div>\n\t\t\t\t<\/div>\n\t\t\t\t\t<\/div>\n\t\t<\/div>\n\t\t\t\t\t<\/div>\n\t\t<\/section>\n\t\t\t\t<\/div>","protected":false},"excerpt":{"rendered":"<p>M\u00e1s de 20 a\u00f1os en el desarrollo de estudios cl\u00ednicos M\u00e1s de 20 a\u00f1os en el desarrollo de estudios cl\u00ednicos con altos est\u00e1ndares de calidad y el mejor equipo humano de salud. Nuestra trayectoria nos ha llevado a trabajar con importantes laboratorios internacionales en m\u00faltiples \u00e1reas de la medicina. En el Centro de Investigaci\u00f3n Cl\u00ednica [&hellip;]<\/p>","protected":false},"author":2,"featured_media":0,"parent":0,"menu_order":0,"comment_status":"closed","ping_status":"closed","template":"","meta":{"footnotes":""},"class_list":["post-1856","page","type-page","status-publish","hentry"],"aioseo_notices":[],"_links":{"self":[{"href":"https:\/\/centrocic.com\/en\/wp-json\/wp\/v2\/pages\/1856","targetHints":{"allow":["GET"]}}],"collection":[{"href":"https:\/\/centrocic.com\/en\/wp-json\/wp\/v2\/pages"}],"about":[{"href":"https:\/\/centrocic.com\/en\/wp-json\/wp\/v2\/types\/page"}],"author":[{"embeddable":true,"href":"https:\/\/centrocic.com\/en\/wp-json\/wp\/v2\/users\/2"}],"replies":[{"embeddable":true,"href":"https:\/\/centrocic.com\/en\/wp-json\/wp\/v2\/comments?post=1856"}],"version-history":[{"count":28,"href":"https:\/\/centrocic.com\/en\/wp-json\/wp\/v2\/pages\/1856\/revisions"}],"predecessor-version":[{"id":6716,"href":"https:\/\/centrocic.com\/en\/wp-json\/wp\/v2\/pages\/1856\/revisions\/6716"}],"wp:attachment":[{"href":"https:\/\/centrocic.com\/en\/wp-json\/wp\/v2\/media?parent=1856"}],"curies":[{"name":"wp","href":"https:\/\/api.w.org\/{rel}","templated":true}]}}