{"id":1788,"date":"2021-06-17T15:01:28","date_gmt":"2021-06-17T20:01:28","guid":{"rendered":"https:\/\/centrocic.com\/?page_id=1788"},"modified":"2021-10-19T09:04:15","modified_gmt":"2021-10-19T14:04:15","slug":"paciente-voluntario","status":"publish","type":"page","link":"https:\/\/centrocic.com\/en\/contactenos\/paciente-voluntario\/","title":{"rendered":"Volunteer patient"},"content":{"rendered":"<div data-elementor-type=\"wp-page\" data-elementor-id=\"1788\" class=\"elementor elementor-1788\" data-elementor-post-type=\"page\">\n\t\t\t\t\t\t<section class=\"elementor-section elementor-top-section elementor-element elementor-element-e7fa869 elementor-section-boxed elementor-section-height-default elementor-section-height-default\" data-id=\"e7fa869\" data-element_type=\"section\" data-e-type=\"section\">\n\t\t\t\t\t\t<div class=\"elementor-container elementor-column-gap-default\">\n\t\t\t\t\t<div class=\"elementor-column elementor-col-100 elementor-top-column elementor-element elementor-element-752b3aa\" data-id=\"752b3aa\" data-element_type=\"column\" data-e-type=\"column\">\n\t\t\t<div class=\"elementor-widget-wrap elementor-element-populated\">\n\t\t\t\t\t\t<div class=\"elementor-element elementor-element-8afdda3 elementor-widget elementor-widget-text-editor\" data-id=\"8afdda3\" data-element_type=\"widget\" data-e-type=\"widget\" data-widget_type=\"text-editor.default\">\n\t\t\t\t<div class=\"elementor-widget-container\">\n\t\t\t\t\t\t\t\t\t<p>For information about clinical studies\u2019 participation, you can contact us through these options:<\/p>\t\t\t\t\t\t\t\t<\/div>\n\t\t\t\t<\/div>\n\t\t\t\t\t<\/div>\n\t\t<\/div>\n\t\t\t\t\t<\/div>\n\t\t<\/section>\n\t\t\t\t<section class=\"elementor-section elementor-top-section elementor-element elementor-element-c886bc8 elementor-section-boxed elementor-section-height-default elementor-section-height-default\" data-id=\"c886bc8\" data-element_type=\"section\" data-e-type=\"section\">\n\t\t\t\t\t\t<div class=\"elementor-container elementor-column-gap-default\">\n\t\t\t\t\t<div class=\"elementor-column elementor-col-100 elementor-top-column elementor-element elementor-element-d640243\" data-id=\"d640243\" data-element_type=\"column\" data-e-type=\"column\">\n\t\t\t<div class=\"elementor-widget-wrap elementor-element-populated\">\n\t\t\t\t\t\t<div class=\"elementor-element elementor-element-dd88378 elementor-icon-list--layout-traditional elementor-list-item-link-full_width elementor-widget elementor-widget-icon-list\" data-id=\"dd88378\" data-element_type=\"widget\" data-e-type=\"widget\" data-widget_type=\"icon-list.default\">\n\t\t\t\t<div class=\"elementor-widget-container\">\n\t\t\t\t\t\t\t<ul class=\"elementor-icon-list-items\">\n\t\t\t\t\t\t\t<li class=\"elementor-icon-list-item\">\n\t\t\t\t\t\t\t\t\t\t\t<span class=\"elementor-icon-list-icon\">\n\t\t\t\t\t\t\t<i aria-hidden=\"true\" class=\"fas fa-phone-square-alt\"><\/i>\t\t\t\t\t\t<\/span>\n\t\t\t\t\t\t\t\t\t\t<span class=\"elementor-icon-list-text\"><b>Telephone number:<\/b>: (57) 604 311 02 02 ext. 108<\/span>\n\t\t\t\t\t\t\t\t\t<\/li>\n\t\t\t\t\t\t\t\t<li class=\"elementor-icon-list-item\">\n\t\t\t\t\t\t\t\t\t\t\t<span class=\"elementor-icon-list-icon\">\n\t\t\t\t\t\t\t<i aria-hidden=\"true\" class=\"fas fa-phone-square-alt\"><\/i>\t\t\t\t\t\t<\/span>\n\t\t\t\t\t\t\t\t\t\t<span class=\"elementor-icon-list-text\"><b>Cellphone number:<\/b> (+57) 304 369 98 82, 312 881 39 36<\/span>\n\t\t\t\t\t\t\t\t\t<\/li>\n\t\t\t\t\t\t<\/ul>\n\t\t\t\t\t\t<\/div>\n\t\t\t\t<\/div>\n\t\t\t\t<div class=\"elementor-element elementor-element-e7fe4fd titulo-desplegable elementor-widget elementor-widget-heading\" data-id=\"e7fe4fd\" data-element_type=\"widget\" data-e-type=\"widget\" data-widget_type=\"heading.default\">\n\t\t\t\t<div class=\"elementor-widget-container\">\n\t\t\t\t\t<h3 class=\"elementor-heading-title elementor-size-default\">Click to see the contact form<\/h3>\t\t\t\t<\/div>\n\t\t\t\t<\/div>\n\t\t\t\t\t<\/div>\n\t\t<\/div>\n\t\t\t\t\t<\/div>\n\t\t<\/section>\n\t\t\t\t<section class=\"elementor-section elementor-top-section elementor-element elementor-element-c210852 elementor-section-boxed elementor-section-height-default elementor-section-height-default\" data-id=\"c210852\" data-element_type=\"section\" data-e-type=\"section\">\n\t\t\t\t\t\t<div class=\"elementor-container elementor-column-gap-default\">\n\t\t\t\t\t<div class=\"elementor-column elementor-col-100 elementor-top-column elementor-element elementor-element-3bcc6c2\" data-id=\"3bcc6c2\" data-element_type=\"column\" data-e-type=\"column\">\n\t\t\t<div class=\"elementor-widget-wrap elementor-element-populated\">\n\t\t\t\t\t\t<div class=\"elementor-element elementor-element-b46d30c contenido-desplegable elementor-widget elementor-widget-html\" data-id=\"b46d30c\" data-element_type=\"widget\" data-e-type=\"widget\" data-widget_type=\"html.default\">\n\t\t\t\t<div class=\"elementor-widget-container\">\n\t\t\t\t\t<iframe src=\"https:\/\/docs.google.com\/forms\/d\/e\/1FAIpQLScOZBpX5GY38wQHeN9HN8TfAkziSCGZPCX7hl6oBchwMzCFkA\/viewform?embedded=true\" width=\"640\" height=\"724\" frameborder=\"0\" marginheight=\"0\" marginwidth=\"0\">Cargando\u2026<\/iframe>\t\t\t\t<\/div>\n\t\t\t\t<\/div>\n\t\t\t\t<div class=\"elementor-element elementor-element-06683fd elementor-widget elementor-widget-global elementor-global-2048 elementor-widget-html\" data-id=\"06683fd\" data-element_type=\"widget\" data-e-type=\"widget\" data-widget_type=\"html.default\">\n\t\t\t\t<div class=\"elementor-widget-container\">\n\t\t\t\t\t<style>\n.titulo-desplegable {\n    cursor: pointer; \n    \n}\n.contenido-desplegable {\n    display: none;\n}\n<\/style>\n<script>\n    jQuery(\".titulo-desplegable\").click(function(){\n        jQuery(\".contenido-desplegable\").css(\"display\",\"block\");\n        \n        jQuery('html, body').animate({\n        scrollTop: jQuery(\".contenido-desplegable\").offset().top\n    }, 2000);\n    })\n<\/script>\t\t\t\t<\/div>\n\t\t\t\t<\/div>\n\t\t\t\t<div class=\"elementor-element elementor-element-e314a43 elementor-widget elementor-widget-url-embed\" data-id=\"e314a43\" data-element_type=\"widget\" data-e-type=\"widget\" data-widget_type=\"url-embed.default\">\n\t\t\t\t<div class=\"elementor-widget-container\">\n\t\t\t\t\t\n        <div class=\"rpmarketing-container url-embed\">\n            <iframe src=\"\"><\/iframe>\n        <\/div>\n\n        \t\t\t\t<\/div>\n\t\t\t\t<\/div>\n\t\t\t\t\t<\/div>\n\t\t<\/div>\n\t\t\t\t\t<\/div>\n\t\t<\/section>\n\t\t\t\t<\/div>","protected":false},"excerpt":{"rendered":"<p>Para informaci\u00f3n acerca de la participaci\u00f3n en estudios, puede contactarnos a trav\u00e9s de los siguientes medios: Tel\u00e9fono: (57) 604 311 02 02 ext. 108 Celular: (+57) 304 369 98 82, 312 881 39 36 Clic para ver formulario de contacto Cargando\u2026<\/p>","protected":false},"author":1,"featured_media":0,"parent":1770,"menu_order":0,"comment_status":"closed","ping_status":"closed","template":"","meta":{"footnotes":""},"class_list":["post-1788","page","type-page","status-publish","hentry"],"aioseo_notices":[],"_links":{"self":[{"href":"https:\/\/centrocic.com\/en\/wp-json\/wp\/v2\/pages\/1788","targetHints":{"allow":["GET"]}}],"collection":[{"href":"https:\/\/centrocic.com\/en\/wp-json\/wp\/v2\/pages"}],"about":[{"href":"https:\/\/centrocic.com\/en\/wp-json\/wp\/v2\/types\/page"}],"author":[{"embeddable":true,"href":"https:\/\/centrocic.com\/en\/wp-json\/wp\/v2\/users\/1"}],"replies":[{"embeddable":true,"href":"https:\/\/centrocic.com\/en\/wp-json\/wp\/v2\/comments?post=1788"}],"version-history":[{"count":31,"href":"https:\/\/centrocic.com\/en\/wp-json\/wp\/v2\/pages\/1788\/revisions"}],"predecessor-version":[{"id":2129,"href":"https:\/\/centrocic.com\/en\/wp-json\/wp\/v2\/pages\/1788\/revisions\/2129"}],"up":[{"embeddable":true,"href":"https:\/\/centrocic.com\/en\/wp-json\/wp\/v2\/pages\/1770"}],"wp:attachment":[{"href":"https:\/\/centrocic.com\/en\/wp-json\/wp\/v2\/media?parent=1788"}],"curies":[{"name":"wp","href":"https:\/\/api.w.org\/{rel}","templated":true}]}}