{"id":1105,"date":"2021-04-27T21:35:51","date_gmt":"2021-04-28T02:35:51","guid":{"rendered":"https:\/\/centrocic.com\/?page_id=1105"},"modified":"2026-02-12T10:35:55","modified_gmt":"2026-02-12T15:35:55","slug":"informacion-institucional","status":"publish","type":"page","link":"https:\/\/centrocic.com\/en\/informacion-institucional\/","title":{"rendered":"Information about the institution"},"content":{"rendered":"<div data-elementor-type=\"wp-page\" data-elementor-id=\"1105\" class=\"elementor elementor-1105\" data-elementor-post-type=\"page\">\n\t\t\t\t\t\t<section class=\"elementor-section elementor-top-section elementor-element elementor-element-a7f65c7 elementor-section-boxed elementor-section-height-default elementor-section-height-default\" data-id=\"a7f65c7\" data-element_type=\"section\" data-e-type=\"section\" id=\"mision-vision\">\n\t\t\t\t\t\t<div class=\"elementor-container elementor-column-gap-default\">\n\t\t\t\t\t<div class=\"elementor-column elementor-col-50 elementor-top-column elementor-element elementor-element-41056a5\" data-id=\"41056a5\" data-element_type=\"column\" data-e-type=\"column\">\n\t\t\t<div class=\"elementor-widget-wrap elementor-element-populated\">\n\t\t\t\t\t\t<div class=\"elementor-element elementor-element-5e90408 elementor-widget elementor-widget-heading\" data-id=\"5e90408\" data-element_type=\"widget\" data-e-type=\"widget\" data-widget_type=\"heading.default\">\n\t\t\t\t<div class=\"elementor-widget-container\">\n\t\t\t\t\t<h2 class=\"elementor-heading-title elementor-size-default\">Mission<\/h2>\t\t\t\t<\/div>\n\t\t\t\t<\/div>\n\t\t\t\t<div class=\"elementor-element elementor-element-382aba6 elementor-widget elementor-widget-text-editor\" data-id=\"382aba6\" data-element_type=\"widget\" data-e-type=\"widget\" data-widget_type=\"text-editor.default\">\n\t\t\t\t<div class=\"elementor-widget-container\">\n\t\t\t\t\t\t\t\t\t<p>El Centro de Investigaci\u00f3n Cl\u00ednica CIC es una instituci\u00f3n prestadora de servicios de salud dedicada a la atenci\u00f3n de pacientes y a la ejecuci\u00f3n de estudios cl\u00ednicos en seres humanos, con alta responsabilidad social al salvaguardar la seguridad y bienestar de los pacientes y del equipo de salud.\u00a0 Generamos beneficios a nuestros usuarios con una atenci\u00f3n c\u00e1lida y segura por parte de un grupo humano comprometido y calificado<\/p>\t\t\t\t\t\t\t\t<\/div>\n\t\t\t\t<\/div>\n\t\t\t\t\t<\/div>\n\t\t<\/div>\n\t\t\t\t<div class=\"elementor-column elementor-col-50 elementor-top-column elementor-element elementor-element-5a60eb7\" data-id=\"5a60eb7\" data-element_type=\"column\" data-e-type=\"column\">\n\t\t\t<div class=\"elementor-widget-wrap elementor-element-populated\">\n\t\t\t\t\t\t<div class=\"elementor-element elementor-element-746d56a elementor-widget elementor-widget-heading\" data-id=\"746d56a\" data-element_type=\"widget\" data-e-type=\"widget\" data-widget_type=\"heading.default\">\n\t\t\t\t<div class=\"elementor-widget-container\">\n\t\t\t\t\t<h2 class=\"elementor-heading-title elementor-size-default\">Vision<\/h2>\t\t\t\t<\/div>\n\t\t\t\t<\/div>\n\t\t\t\t<div class=\"elementor-element elementor-element-30c238e elementor-widget elementor-widget-text-editor\" data-id=\"30c238e\" data-element_type=\"widget\" data-e-type=\"widget\" data-widget_type=\"text-editor.default\">\n\t\t\t\t<div class=\"elementor-widget-container\">\n\t\t\t\t\t\t\t\t\t<div class=\"oKdM2c Kzv0Me\"><div id=\"h.p_ID_24\" class=\"hJDwNd-AhqUyc-qWD73c jXK9ad D2fZ2 OjCsFc GNzUNc\"><div class=\"jXK9ad-SmKAyb\"><div class=\"tyJCtd mGzaTb baZpAe\"><p id=\"h.p_ID_40\" class=\"CDt4Ke zfr3Q\">Alcanzar para el 2026 el reconocimiento nacional e internacional, como una Instituci\u00f3n Prestadora de Servicios de Salud l\u00edder en investigaci\u00f3n cl\u00ednica.<\/p><\/div><\/div><\/div><\/div>\t\t\t\t\t\t\t\t<\/div>\n\t\t\t\t<\/div>\n\t\t\t\t\t<\/div>\n\t\t<\/div>\n\t\t\t\t\t<\/div>\n\t\t<\/section>\n\t\t\t\t<section class=\"elementor-section elementor-top-section elementor-element elementor-element-5af0bff elementor-section-boxed elementor-section-height-default elementor-section-height-default\" data-id=\"5af0bff\" data-element_type=\"section\" data-e-type=\"section\" id=\"valores\">\n\t\t\t\t\t\t<div class=\"elementor-container elementor-column-gap-default\">\n\t\t\t\t\t<div class=\"elementor-column elementor-col-100 elementor-top-column elementor-element elementor-element-f0bed1d\" data-id=\"f0bed1d\" data-element_type=\"column\" data-e-type=\"column\">\n\t\t\t<div class=\"elementor-widget-wrap elementor-element-populated\">\n\t\t\t\t\t\t<div class=\"elementor-element elementor-element-ddc596e elementor-widget elementor-widget-heading\" data-id=\"ddc596e\" data-element_type=\"widget\" data-e-type=\"widget\" data-widget_type=\"heading.default\">\n\t\t\t\t<div class=\"elementor-widget-container\">\n\t\t\t\t\t<h2 class=\"elementor-heading-title elementor-size-default\">Principles and Values<\/h2>\t\t\t\t<\/div>\n\t\t\t\t<\/div>\n\t\t\t\t<section class=\"elementor-section elementor-inner-section elementor-element elementor-element-35fc72a elementor-section-boxed elementor-section-height-default elementor-section-height-default\" data-id=\"35fc72a\" data-element_type=\"section\" data-e-type=\"section\">\n\t\t\t\t\t\t<div class=\"elementor-container elementor-column-gap-default\">\n\t\t\t\t\t<div class=\"elementor-column elementor-col-33 elementor-inner-column elementor-element elementor-element-803e1e4\" data-id=\"803e1e4\" data-element_type=\"column\" data-e-type=\"column\">\n\t\t\t<div class=\"elementor-widget-wrap elementor-element-populated\">\n\t\t\t\t\t\t<div class=\"elementor-element elementor-element-ee1f1cc elementor-widget elementor-widget-image\" data-id=\"ee1f1cc\" data-element_type=\"widget\" data-e-type=\"widget\" data-widget_type=\"image.default\">\n\t\t\t\t<div class=\"elementor-widget-container\">\n\t\t\t\t\t\t\t\t\t\t\t\t\t\t\t<img fetchpriority=\"high\" decoding=\"async\" width=\"300\" height=\"197\" src=\"https:\/\/centrocic.com\/wp-content\/uploads\/2023\/10\/Instalaciones-de-trabajo-CIC-2.jpg\" class=\"attachment-medium size-medium wp-image-3768\" alt=\"\" srcset=\"https:\/\/centrocic.com\/wp-content\/uploads\/2023\/10\/Instalaciones-de-trabajo-CIC-2.jpg 300w, https:\/\/centrocic.com\/wp-content\/uploads\/2023\/10\/Instalaciones-de-trabajo-CIC-2-16x12.jpg 16w\" sizes=\"(max-width: 300px) 100vw, 300px\" \/>\t\t\t\t\t\t\t\t\t\t\t\t\t\t\t<\/div>\n\t\t\t\t<\/div>\n\t\t\t\t\t<\/div>\n\t\t<\/div>\n\t\t\t\t<div class=\"elementor-column elementor-col-33 elementor-inner-column elementor-element elementor-element-208dd52\" data-id=\"208dd52\" data-element_type=\"column\" data-e-type=\"column\">\n\t\t\t<div class=\"elementor-widget-wrap elementor-element-populated\">\n\t\t\t\t\t\t<div class=\"elementor-element elementor-element-040ad7f elementor-widget elementor-widget-image\" data-id=\"040ad7f\" data-element_type=\"widget\" data-e-type=\"widget\" data-widget_type=\"image.default\">\n\t\t\t\t<div class=\"elementor-widget-container\">\n\t\t\t\t\t\t\t\t\t\t\t\t\t\t\t<img decoding=\"async\" width=\"300\" height=\"197\" src=\"https:\/\/centrocic.com\/wp-content\/uploads\/2023\/10\/Equipo-de-trabajo-CIC.jpg\" class=\"attachment-medium size-medium wp-image-3766\" alt=\"\" srcset=\"https:\/\/centrocic.com\/wp-content\/uploads\/2023\/10\/Equipo-de-trabajo-CIC.jpg 300w, https:\/\/centrocic.com\/wp-content\/uploads\/2023\/10\/Equipo-de-trabajo-CIC-16x12.jpg 16w\" sizes=\"(max-width: 300px) 100vw, 300px\" \/>\t\t\t\t\t\t\t\t\t\t\t\t\t\t\t<\/div>\n\t\t\t\t<\/div>\n\t\t\t\t\t<\/div>\n\t\t<\/div>\n\t\t\t\t<div class=\"elementor-column elementor-col-33 elementor-inner-column elementor-element elementor-element-3d7137b\" data-id=\"3d7137b\" data-element_type=\"column\" data-e-type=\"column\">\n\t\t\t<div class=\"elementor-widget-wrap elementor-element-populated\">\n\t\t\t\t\t\t<div class=\"elementor-element elementor-element-6e38aac elementor-widget elementor-widget-image\" data-id=\"6e38aac\" data-element_type=\"widget\" data-e-type=\"widget\" data-widget_type=\"image.default\">\n\t\t\t\t<div class=\"elementor-widget-container\">\n\t\t\t\t\t\t\t\t\t\t\t\t\t\t\t<img decoding=\"async\" width=\"300\" height=\"197\" src=\"https:\/\/centrocic.com\/wp-content\/uploads\/2023\/10\/Equipo-de-trabajo-CIC-3.jpg\" class=\"attachment-medium size-medium wp-image-3767\" alt=\"\" srcset=\"https:\/\/centrocic.com\/wp-content\/uploads\/2023\/10\/Equipo-de-trabajo-CIC-3.jpg 300w, https:\/\/centrocic.com\/wp-content\/uploads\/2023\/10\/Equipo-de-trabajo-CIC-3-16x12.jpg 16w\" sizes=\"(max-width: 300px) 100vw, 300px\" \/>\t\t\t\t\t\t\t\t\t\t\t\t\t\t\t<\/div>\n\t\t\t\t<\/div>\n\t\t\t\t\t<\/div>\n\t\t<\/div>\n\t\t\t\t\t<\/div>\n\t\t<\/section>\n\t\t\t\t<div class=\"elementor-element elementor-element-6bf9dc8 elementor-widget elementor-widget-text-editor\" data-id=\"6bf9dc8\" data-element_type=\"widget\" data-e-type=\"widget\" data-widget_type=\"text-editor.default\">\n\t\t\t\t<div class=\"elementor-widget-container\">\n\t\t\t\t\t\t\t\t\t<ul><li><strong>Honestidad:<\/strong> Actuar con la verdad, confianza, fiabilidad y transparencia en nuestro trabajo<\/li><li><strong>Solidaridad:<\/strong> Actuar con equidad hacia la b\u00fasqueda de un inter\u00e9s com\u00fan, trabajando con sentido de fraternidad y uni\u00f3n.<\/li><li><strong>Respeto:<\/strong> Brindar trato cort\u00e9s mantener ambiente de trabajo cordial y amable, reconociendo y aceptando derechos y diferencias, entre nuestros compa\u00f1eros y nuestros usuarios.<\/li><li><strong>Lealtad:<\/strong> Trabajar d\u00eda a d\u00eda con un alto sentido de pertenencia y compromiso institucional, uniendo esfuerzos para el cumplimiento de metas y objetivos<\/li><\/ul>\t\t\t\t\t\t\t\t<\/div>\n\t\t\t\t<\/div>\n\t\t\t\t\t<\/div>\n\t\t<\/div>\n\t\t\t\t\t<\/div>\n\t\t<\/section>\n\t\t\t\t<section class=\"elementor-section elementor-top-section elementor-element elementor-element-aada676 elementor-section-boxed elementor-section-height-default elementor-section-height-default\" data-id=\"aada676\" data-element_type=\"section\" data-e-type=\"section\" id=\"deberes-derechos\">\n\t\t\t\t\t\t<div class=\"elementor-container elementor-column-gap-default\">\n\t\t\t\t\t<div class=\"elementor-column elementor-col-50 elementor-top-column elementor-element elementor-element-5c661b1\" data-id=\"5c661b1\" data-element_type=\"column\" data-e-type=\"column\">\n\t\t\t<div class=\"elementor-widget-wrap elementor-element-populated\">\n\t\t\t\t\t\t<div class=\"elementor-element elementor-element-56f6d83 elementor-widget elementor-widget-heading\" data-id=\"56f6d83\" data-element_type=\"widget\" data-e-type=\"widget\" data-widget_type=\"heading.default\">\n\t\t\t\t<div class=\"elementor-widget-container\">\n\t\t\t\t\t<h2 class=\"elementor-heading-title elementor-size-default\">Users\u2019 rights<\/h2>\t\t\t\t<\/div>\n\t\t\t\t<\/div>\n\t\t\t\t<div class=\"elementor-element elementor-element-133f70a elementor-widget elementor-widget-text-editor\" data-id=\"133f70a\" data-element_type=\"widget\" data-e-type=\"widget\" data-widget_type=\"text-editor.default\">\n\t\t\t\t<div class=\"elementor-widget-container\">\n\t\t\t\t\t\t\t\t\t<ul><li>To be treated with respect and kindness.<\/li><li>To receive clear and complete information about your health.<\/li><li>Si el paciente participa en una investigaci\u00f3n, tendr\u00e1 derecho a conocer el desarrollo del estudio y el uso de nuestros procedimientos o recursos terap\u00e9uticos.<\/li><li>A dar o negar su consentimiento para cualquier examen, diagn\u00f3stico o terapia, y a elegir libremente la participaci\u00f3n o no en el estudio de investigaci\u00f3n, dejando constancia escrita de ello.<\/li><li>A estar correctamente identificado<\/li><li>Conocer las v\u00edas formales para presentar reclamaciones, quejas, sugerencias o peticiones, si considera que hubo fallas en la presentaci\u00f3n del servicio y tiene derecho a recibir una respuesta por escrito.<\/li><li>To have custody and confidentiality of the personal information and of the patient\u2019s health.<\/li><li>To receive health services of good quality and in safe conditions.<\/li><li>To respect the patient\u2019s dignity and the right to have a private life.<\/li><li>To receive or to refuse spiritual and moral assistance.<\/li><\/ul>\t\t\t\t\t\t\t\t<\/div>\n\t\t\t\t<\/div>\n\t\t\t\t\t<\/div>\n\t\t<\/div>\n\t\t\t\t<div class=\"elementor-column elementor-col-50 elementor-top-column elementor-element elementor-element-1395a5c\" data-id=\"1395a5c\" data-element_type=\"column\" data-e-type=\"column\">\n\t\t\t<div class=\"elementor-widget-wrap elementor-element-populated\">\n\t\t\t\t\t\t<div class=\"elementor-element elementor-element-d1b6d52 elementor-widget elementor-widget-heading\" data-id=\"d1b6d52\" data-element_type=\"widget\" data-e-type=\"widget\" data-widget_type=\"heading.default\">\n\t\t\t\t<div class=\"elementor-widget-container\">\n\t\t\t\t\t<h2 class=\"elementor-heading-title elementor-size-default\">Users\u2019 duties<\/h2>\t\t\t\t<\/div>\n\t\t\t\t<\/div>\n\t\t\t\t<div class=\"elementor-element elementor-element-201dd3c elementor-widget elementor-widget-text-editor\" data-id=\"201dd3c\" data-element_type=\"widget\" data-e-type=\"widget\" data-widget_type=\"text-editor.default\">\n\t\t\t\t<div class=\"elementor-widget-container\">\n\t\t\t\t\t\t\t\t\t<ul><li>Asumir con responsabilidad el cuidado integral de su salud, a su familia y la comunidad.<\/li><li>Brindar un trato cort\u00e9s digno y humano al personal de salud, a los dem\u00e1s pacientes y acompa\u00f1antes.<\/li><li>To provide on time, clear, truthful, and complete the requested information on their health status.<\/li><li>To know and to follow the rules and regulations of the institution and to comply with safety recommendations.<\/li><li>To know how to report changes in personal data and to make complaints, suggestions, complaints, or compliments.<\/li><li>To take care and to make good use of the property and facilities of the institution and to pay the value of the services received when stipulated.<\/li><li>To help with the information\u2019s confidentiality about the patient\u2019s health care.<\/li><li>To meet the assigned medical appointments and to report opportunely if for some reason the patient can\u2019t attend to the institution.<\/li><li>Contribuir con el cuidado del medio ambiente y clasificar correctamente los residuos s\u00f3lidos hospitalarios.<\/li><li>The user of health services must demand that their rights are met.<\/li><\/ul>\t\t\t\t\t\t\t\t<\/div>\n\t\t\t\t<\/div>\n\t\t\t\t\t<\/div>\n\t\t<\/div>\n\t\t\t\t\t<\/div>\n\t\t<\/section>\n\t\t\t\t<\/div>","protected":false},"excerpt":{"rendered":"<p>Misi\u00f3n El Centro de Investigaci\u00f3n Cl\u00ednica CIC es una instituci\u00f3n prestadora de servicios de salud dedicada a la atenci\u00f3n de pacientes y a la ejecuci\u00f3n de estudios cl\u00ednicos en seres humanos, con alta responsabilidad social al salvaguardar la seguridad y bienestar de los pacientes y del equipo de salud.\u00a0 Generamos beneficios a nuestros usuarios con [&hellip;]<\/p>","protected":false},"author":1,"featured_media":0,"parent":0,"menu_order":0,"comment_status":"closed","ping_status":"closed","template":"","meta":{"footnotes":""},"class_list":["post-1105","page","type-page","status-publish","hentry"],"aioseo_notices":[],"_links":{"self":[{"href":"https:\/\/centrocic.com\/en\/wp-json\/wp\/v2\/pages\/1105","targetHints":{"allow":["GET"]}}],"collection":[{"href":"https:\/\/centrocic.com\/en\/wp-json\/wp\/v2\/pages"}],"about":[{"href":"https:\/\/centrocic.com\/en\/wp-json\/wp\/v2\/types\/page"}],"author":[{"embeddable":true,"href":"https:\/\/centrocic.com\/en\/wp-json\/wp\/v2\/users\/1"}],"replies":[{"embeddable":true,"href":"https:\/\/centrocic.com\/en\/wp-json\/wp\/v2\/comments?post=1105"}],"version-history":[{"count":35,"href":"https:\/\/centrocic.com\/en\/wp-json\/wp\/v2\/pages\/1105\/revisions"}],"predecessor-version":[{"id":6719,"href":"https:\/\/centrocic.com\/en\/wp-json\/wp\/v2\/pages\/1105\/revisions\/6719"}],"wp:attachment":[{"href":"https:\/\/centrocic.com\/en\/wp-json\/wp\/v2\/media?parent=1105"}],"curies":[{"name":"wp","href":"https:\/\/api.w.org\/{rel}","templated":true}]}}