{"id":1031,"date":"2021-04-27T18:43:06","date_gmt":"2021-04-27T23:43:06","guid":{"rendered":"https:\/\/centrocic.com\/?page_id=1031"},"modified":"2024-05-23T14:09:59","modified_gmt":"2024-05-23T19:09:59","slug":"quienes-somos","status":"publish","type":"page","link":"https:\/\/centrocic.com\/en\/quienes-somos\/","title":{"rendered":"About us"},"content":{"rendered":"<div data-elementor-type=\"wp-page\" data-elementor-id=\"1031\" class=\"elementor elementor-1031\" data-elementor-post-type=\"page\">\n\t\t\t\t\t\t<section class=\"elementor-section elementor-top-section elementor-element elementor-element-335d4b4 elementor-section-boxed elementor-section-height-default elementor-section-height-default\" data-id=\"335d4b4\" data-element_type=\"section\" data-e-type=\"section\">\n\t\t\t\t\t\t<div class=\"elementor-container elementor-column-gap-default\">\n\t\t\t\t\t<div class=\"elementor-column elementor-col-100 elementor-top-column elementor-element elementor-element-b5ec91e\" data-id=\"b5ec91e\" data-element_type=\"column\" data-e-type=\"column\">\n\t\t\t<div class=\"elementor-widget-wrap elementor-element-populated\">\n\t\t\t\t\t\t<div class=\"elementor-element elementor-element-6881e9d elementor-widget elementor-widget-heading\" data-id=\"6881e9d\" data-element_type=\"widget\" data-e-type=\"widget\" data-widget_type=\"heading.default\">\n\t\t\t\t<div class=\"elementor-widget-container\">\n\t\t\t\t\t<h2 class=\"elementor-heading-title elementor-size-default\">Fundaci\u00f3n Centro de Investigaci\u00f3n Cl\u00ednica (CIC)<\/h2>\t\t\t\t<\/div>\n\t\t\t\t<\/div>\n\t\t\t\t<section class=\"elementor-section elementor-inner-section elementor-element elementor-element-d37bde1 elementor-section-boxed elementor-section-height-default elementor-section-height-default\" data-id=\"d37bde1\" data-element_type=\"section\" data-e-type=\"section\">\n\t\t\t\t\t\t<div class=\"elementor-container elementor-column-gap-default\">\n\t\t\t\t\t<div class=\"elementor-column elementor-col-50 elementor-inner-column elementor-element elementor-element-2d02eb2\" data-id=\"2d02eb2\" data-element_type=\"column\" data-e-type=\"column\">\n\t\t\t<div class=\"elementor-widget-wrap elementor-element-populated\">\n\t\t\t\t\t\t<div class=\"elementor-element elementor-element-0d2dfcf elementor-widget elementor-widget-text-editor\" data-id=\"0d2dfcf\" data-element_type=\"widget\" data-e-type=\"widget\" data-widget_type=\"text-editor.default\">\n\t\t\t\t<div class=\"elementor-widget-container\">\n\t\t\t\t\t\t\t\t\t<p id=\"h.p_ID_42\" class=\"CDt4Ke zfr3Q\">The Clinical Research Center (CIC) is a Health Service Provider Institution (IPS) that provides high quality research and health care services. It generates benefits for the scientific community and the population in general, through humane and ethical attention, in charge of a team of committed and qualified collaborators.<\/p>\n<p id=\"h.p_ID_44\" class=\"CDt4Ke zfr3Q\">La Fundaci\u00f3n CIC fue constituida en 2005 por el Dr. Jaime Restrepo Restrepo, con capital de origen privado, para el desarrollo de investigaciones en seres humanos, con el fin de mejorar el conocimiento y contribuir con la evaluaci\u00f3n de nuevos medicamentos, m\u00e1s eficaces y seguros para el manejo de las enfermedades y la disminuci\u00f3n de la mortalidad.<\/p>\t\t\t\t\t\t\t\t<\/div>\n\t\t\t\t<\/div>\n\t\t\t\t\t<\/div>\n\t\t<\/div>\n\t\t\t\t<div class=\"elementor-column elementor-col-50 elementor-inner-column elementor-element elementor-element-5800df4\" data-id=\"5800df4\" data-element_type=\"column\" data-e-type=\"column\">\n\t\t\t<div class=\"elementor-widget-wrap elementor-element-populated\">\n\t\t\t\t\t\t<div class=\"elementor-element elementor-element-694fd6c elementor-widget elementor-widget-image\" data-id=\"694fd6c\" data-element_type=\"widget\" data-e-type=\"widget\" data-widget_type=\"image.default\">\n\t\t\t\t<div class=\"elementor-widget-container\">\n\t\t\t\t\t\t\t\t\t\t\t\t\t\t\t<img fetchpriority=\"high\" decoding=\"async\" width=\"500\" height=\"333\" src=\"https:\/\/centrocic.com\/wp-content\/uploads\/2021\/05\/500-woman-working-laborator.jpg\" class=\"attachment-large size-large wp-image-1333\" alt=\"\" srcset=\"https:\/\/centrocic.com\/wp-content\/uploads\/2021\/05\/500-woman-working-laborator.jpg 500w, https:\/\/centrocic.com\/wp-content\/uploads\/2021\/05\/500-woman-working-laborator-300x200.jpg 300w, https:\/\/centrocic.com\/wp-content\/uploads\/2021\/05\/500-woman-working-laborator-16x12.jpg 16w\" sizes=\"(max-width: 500px) 100vw, 500px\" \/>\t\t\t\t\t\t\t\t\t\t\t\t\t\t\t<\/div>\n\t\t\t\t<\/div>\n\t\t\t\t\t<\/div>\n\t\t<\/div>\n\t\t\t\t\t<\/div>\n\t\t<\/section>\n\t\t\t\t\t<\/div>\n\t\t<\/div>\n\t\t\t\t\t<\/div>\n\t\t<\/section>\n\t\t\t\t<section class=\"elementor-section elementor-top-section elementor-element elementor-element-60c95fd elementor-section-boxed elementor-section-height-default elementor-section-height-default\" data-id=\"60c95fd\" data-element_type=\"section\" data-e-type=\"section\">\n\t\t\t\t\t\t<div class=\"elementor-container elementor-column-gap-default\">\n\t\t\t\t\t<div class=\"elementor-column elementor-col-100 elementor-top-column elementor-element elementor-element-beaea6b\" data-id=\"beaea6b\" data-element_type=\"column\" data-e-type=\"column\">\n\t\t\t<div class=\"elementor-widget-wrap elementor-element-populated\">\n\t\t\t\t\t\t<div class=\"elementor-element elementor-element-a31070f elementor-widget elementor-widget-heading\" data-id=\"a31070f\" data-element_type=\"widget\" data-e-type=\"widget\" data-widget_type=\"heading.default\">\n\t\t\t\t<div class=\"elementor-widget-container\">\n\t\t\t\t\t<h2 class=\"elementor-heading-title elementor-size-default\">Our services<\/h2>\t\t\t\t<\/div>\n\t\t\t\t<\/div>\n\t\t\t\t<section class=\"elementor-section elementor-inner-section elementor-element elementor-element-63ffcef elementor-section-boxed elementor-section-height-default elementor-section-height-default\" data-id=\"63ffcef\" data-element_type=\"section\" data-e-type=\"section\">\n\t\t\t\t\t\t<div class=\"elementor-container elementor-column-gap-default\">\n\t\t\t\t\t<div class=\"elementor-column elementor-col-50 elementor-inner-column elementor-element elementor-element-31eaa4c\" data-id=\"31eaa4c\" data-element_type=\"column\" data-e-type=\"column\">\n\t\t\t<div class=\"elementor-widget-wrap elementor-element-populated\">\n\t\t\t\t\t\t<div class=\"elementor-element elementor-element-701b7ff elementor-widget elementor-widget-image\" data-id=\"701b7ff\" data-element_type=\"widget\" data-e-type=\"widget\" data-widget_type=\"image.default\">\n\t\t\t\t<div class=\"elementor-widget-container\">\n\t\t\t\t\t\t\t\t\t\t\t\t\t\t\t<img decoding=\"async\" width=\"500\" height=\"322\" src=\"https:\/\/centrocic.com\/wp-content\/uploads\/2021\/05\/500-close-up-hand-holding-tube.jpg\" class=\"attachment-large size-large wp-image-1335\" alt=\"\" srcset=\"https:\/\/centrocic.com\/wp-content\/uploads\/2021\/05\/500-close-up-hand-holding-tube.jpg 500w, https:\/\/centrocic.com\/wp-content\/uploads\/2021\/05\/500-close-up-hand-holding-tube-300x193.jpg 300w, https:\/\/centrocic.com\/wp-content\/uploads\/2021\/05\/500-close-up-hand-holding-tube-16x10.jpg 16w\" sizes=\"(max-width: 500px) 100vw, 500px\" \/>\t\t\t\t\t\t\t\t\t\t\t\t\t\t\t<\/div>\n\t\t\t\t<\/div>\n\t\t\t\t\t<\/div>\n\t\t<\/div>\n\t\t\t\t<div class=\"elementor-column elementor-col-50 elementor-inner-column elementor-element elementor-element-56c98d2\" data-id=\"56c98d2\" data-element_type=\"column\" data-e-type=\"column\">\n\t\t\t<div class=\"elementor-widget-wrap elementor-element-populated\">\n\t\t\t\t\t\t<div class=\"elementor-element elementor-element-027a7a6 elementor-widget elementor-widget-text-editor\" data-id=\"027a7a6\" data-element_type=\"widget\" data-e-type=\"widget\" data-widget_type=\"text-editor.default\">\n\t\t\t\t<div class=\"elementor-widget-container\">\n\t\t\t\t\t\t\t\t\t<p id=\"h.p_ID_48\" class=\"CDt4Ke zfr3Q translation-block\">Since 2009, we are habilitated as an institution provider of health care services IPS (Promoter Institution of Health Care). We participate in studies related to the prevention of the infection generated by Human papillomavirus (HPV) and in the research of better treatments for diseases like hypertension, diabetes, obesity, osteoporosis, depression, and Parkinson\u2019s disease within others.<\/p>\n<p id=\"h.p_ID_52\" class=\"CDt4Ke zfr3Q\">With the support of relevant pharmaceutical institutions around the world, we develop studies in cardiology, gynecology, internal medicine, neurology, oncology, hematology-oncology, urology, pneumology and endocrinology and we are starting with the areas of psychiatry, rheumatology, and dermatology.<\/p>\t\t\t\t\t\t\t\t<\/div>\n\t\t\t\t<\/div>\n\t\t\t\t\t<\/div>\n\t\t<\/div>\n\t\t\t\t\t<\/div>\n\t\t<\/section>\n\t\t\t\t\t<\/div>\n\t\t<\/div>\n\t\t\t\t\t<\/div>\n\t\t<\/section>\n\t\t\t\t<section class=\"elementor-section elementor-top-section elementor-element elementor-element-bbd3fc2 elementor-section-boxed elementor-section-height-default elementor-section-height-default\" data-id=\"bbd3fc2\" data-element_type=\"section\" data-e-type=\"section\">\n\t\t\t\t\t\t<div class=\"elementor-container elementor-column-gap-default\">\n\t\t\t\t\t<div class=\"elementor-column elementor-col-100 elementor-top-column elementor-element elementor-element-0211aae\" data-id=\"0211aae\" data-element_type=\"column\" data-e-type=\"column\">\n\t\t\t<div class=\"elementor-widget-wrap elementor-element-populated\">\n\t\t\t\t\t\t<div class=\"elementor-element elementor-element-75c3b79 elementor-widget elementor-widget-heading\" data-id=\"75c3b79\" data-element_type=\"widget\" data-e-type=\"widget\" data-widget_type=\"heading.default\">\n\t\t\t\t<div class=\"elementor-widget-container\">\n\t\t\t\t\t<h2 class=\"elementor-heading-title elementor-size-default\">Our clients<\/h2>\t\t\t\t<\/div>\n\t\t\t\t<\/div>\n\t\t\t\t<section class=\"elementor-section elementor-inner-section elementor-element elementor-element-d66b894 elementor-section-boxed elementor-section-height-default elementor-section-height-default\" data-id=\"d66b894\" data-element_type=\"section\" data-e-type=\"section\">\n\t\t\t\t\t\t<div class=\"elementor-container elementor-column-gap-default\">\n\t\t\t\t\t<div class=\"elementor-column elementor-col-50 elementor-inner-column elementor-element elementor-element-cb9302d\" data-id=\"cb9302d\" data-element_type=\"column\" data-e-type=\"column\">\n\t\t\t<div class=\"elementor-widget-wrap elementor-element-populated\">\n\t\t\t\t\t\t<div class=\"elementor-element elementor-element-4015563 elementor-widget elementor-widget-text-editor\" data-id=\"4015563\" data-element_type=\"widget\" data-e-type=\"widget\" data-widget_type=\"text-editor.default\">\n\t\t\t\t<div class=\"elementor-widget-container\">\n\t\t\t\t\t\t\t\t\t<p id=\"h.p_ID_56\" class=\"CDt4Ke zfr3Q\">In Clinical research our clients are mainly international pharmaceutical enterprises, subsidiaries and professional people who wish to develop investigations and do not dispose of an adequate infrastructure.<\/p><p id=\"h.p_ID_58\" class=\"CDt4Ke zfr3Q\">As a Promoter Institution of Health Care, we offer our services to particular people and affiliated entities like: \u201cColsanitas\u201d, soon \u201cCoomeva\u201d and \u201cGrupo SURA\u201d, enterprises agreements with \u201cEMI\u201d, \u201cOpci\u00f3n Salud\u201d and other institutions.<\/p><p id=\"h.p_ID_60\" class=\"CDt4Ke zfr3Q\">Para las personas que deseen acceder a nuestros servicios de IPS dise\u00f1amos un programa de fidelizaci\u00f3n denominado <strong>Amigo CIC<\/strong>, el cual ofrece descuentos en nuestras tarifas.<\/p>\t\t\t\t\t\t\t\t<\/div>\n\t\t\t\t<\/div>\n\t\t\t\t\t<\/div>\n\t\t<\/div>\n\t\t\t\t<div class=\"elementor-column elementor-col-50 elementor-inner-column elementor-element elementor-element-5c42277\" data-id=\"5c42277\" data-element_type=\"column\" data-e-type=\"column\">\n\t\t\t<div class=\"elementor-widget-wrap elementor-element-populated\">\n\t\t\t\t\t\t<div class=\"elementor-element elementor-element-f347d18 elementor-widget elementor-widget-image\" data-id=\"f347d18\" data-element_type=\"widget\" data-e-type=\"widget\" data-widget_type=\"image.default\">\n\t\t\t\t<div class=\"elementor-widget-container\">\n\t\t\t\t\t\t\t\t\t\t\t\t\t\t\t<img decoding=\"async\" width=\"800\" height=\"534\" src=\"https:\/\/centrocic.com\/wp-content\/uploads\/2021\/05\/it-is-called-effective-teamwork-1024x683.jpg\" class=\"attachment-large size-large wp-image-1311\" alt=\"\" srcset=\"https:\/\/centrocic.com\/wp-content\/uploads\/2021\/05\/it-is-called-effective-teamwork-1024x683.jpg 1024w, https:\/\/centrocic.com\/wp-content\/uploads\/2021\/05\/it-is-called-effective-teamwork-300x200.jpg 300w, https:\/\/centrocic.com\/wp-content\/uploads\/2021\/05\/it-is-called-effective-teamwork-768x512.jpg 768w, https:\/\/centrocic.com\/wp-content\/uploads\/2021\/05\/it-is-called-effective-teamwork-16x12.jpg 16w, https:\/\/centrocic.com\/wp-content\/uploads\/2021\/05\/it-is-called-effective-teamwork.jpg 1280w\" sizes=\"(max-width: 800px) 100vw, 800px\" \/>\t\t\t\t\t\t\t\t\t\t\t\t\t\t\t<\/div>\n\t\t\t\t<\/div>\n\t\t\t\t\t<\/div>\n\t\t<\/div>\n\t\t\t\t\t<\/div>\n\t\t<\/section>\n\t\t\t\t\t<\/div>\n\t\t<\/div>\n\t\t\t\t\t<\/div>\n\t\t<\/section>\n\t\t\t\t<\/div>","protected":false},"excerpt":{"rendered":"<p>La Fundaci\u00f3n Centro de Investigaci\u00f3n Cl\u00ednica (CIC) El Centro de Investigaci\u00f3n Cl\u00ednica (CIC) es una Instituci\u00f3n Prestadora de Servicios de Salud (IPS) que brinda servicios de investigaci\u00f3n y atenci\u00f3n en salud de alta calidad. Genera beneficios para la comunidad cient\u00edfica y la poblaci\u00f3n en general, mediante una atenci\u00f3n humana y \u00e9tica, a cargo de un [&hellip;]<\/p>","protected":false},"author":1,"featured_media":0,"parent":0,"menu_order":0,"comment_status":"closed","ping_status":"closed","template":"","meta":{"footnotes":""},"class_list":["post-1031","page","type-page","status-publish","hentry"],"aioseo_notices":[],"_links":{"self":[{"href":"https:\/\/centrocic.com\/en\/wp-json\/wp\/v2\/pages\/1031","targetHints":{"allow":["GET"]}}],"collection":[{"href":"https:\/\/centrocic.com\/en\/wp-json\/wp\/v2\/pages"}],"about":[{"href":"https:\/\/centrocic.com\/en\/wp-json\/wp\/v2\/types\/page"}],"author":[{"embeddable":true,"href":"https:\/\/centrocic.com\/en\/wp-json\/wp\/v2\/users\/1"}],"replies":[{"embeddable":true,"href":"https:\/\/centrocic.com\/en\/wp-json\/wp\/v2\/comments?post=1031"}],"version-history":[{"count":22,"href":"https:\/\/centrocic.com\/en\/wp-json\/wp\/v2\/pages\/1031\/revisions"}],"predecessor-version":[{"id":4530,"href":"https:\/\/centrocic.com\/en\/wp-json\/wp\/v2\/pages\/1031\/revisions\/4530"}],"wp:attachment":[{"href":"https:\/\/centrocic.com\/en\/wp-json\/wp\/v2\/media?parent=1031"}],"curies":[{"name":"wp","href":"https:\/\/api.w.org\/{rel}","templated":true}]}}